{"id":6191,"date":"2024-07-08T03:56:06","date_gmt":"2024-07-08T03:56:06","guid":{"rendered":"https:\/\/nestorsprings.com\/blog\/"},"modified":"2024-10-18T09:13:19","modified_gmt":"2024-10-18T09:13:19","slug":"blog","status":"publish","type":"page","link":"https:\/\/nestorsprings.com\/es\/blog\/","title":{"rendered":"BLOG"},"content":{"rendered":"<p>[et_pb_section fb_built=\u00bb1&#8243; next_background_color=\u00bb#ffffff\u00bb module_id=\u00bbstart\u00bb _builder_version=\u00bb4.27.0&#8243; _module_preset=\u00bbdefault\u00bb background_image=\u00bbhttps:\/\/nestorsprings.com\/wp-content\/uploads\/2024\/06\/home-slider.jpg\u00bb custom_padding=\u00bb7vw||9vw||false|false\u00bb bottom_divider_style=\u00bbcurve\u00bb bottom_divider_height=\u00bb60px\u00bb animation_style=\u00bbfade\u00bb locked=\u00bboff\u00bb collapsed=\u00bboff\u00bb global_colors_info=\u00bb{%22gcid-34807b40-f97e-428a-90f8-6d5ad2ecd8cd%22:%91%22background_color_gradient_stops%22%93}\u00bb][et_pb_row column_structure=\u00bb3_5,2_5&#8243; disabled_on=\u00bbon|off|off\u00bb _builder_version=\u00bb4.27.0&#8243; _module_preset=\u00bbdefault\u00bb width=\u00bb92%\u00bb max_width=\u00bb2000px\u00bb custom_margin=\u00bb||||false|false\u00bb custom_padding=\u00bb|200px|||false|false\u00bb animation_direction=\u00bbtop\u00bb scroll_horizontal_motion=\u00bb0|50|50|100|4|2.25|-10&#8243; global_colors_info=\u00bb{}\u00bb][et_pb_column type=\u00bb3_5&#8243; _builder_version=\u00bb4.25.2&#8243; _module_preset=\u00bbdefault\u00bb background_color=\u00bb#57738B\u00bb custom_padding=\u00bb50px|43px|53px|43px|false|true\u00bb animation_style=\u00bbslide\u00bb animation_direction=\u00bbleft\u00bb global_colors_info=\u00bb{}\u00bb][et_pb_text _builder_version=\u00bb4.27.2&#8243; _module_preset=\u00bb_initial\u00bb header_font=\u00bb&#8211;et_global_body_font||on||||||\u00bb header_text_color=\u00bb#ffffff\u00bb header_font_size=\u00bb32px\u00bb header_2_font=\u00bb||||||||\u00bb custom_margin=\u00bb||0px||false|false\u00bb custom_padding=\u00bb||||false|false\u00bb hover_enabled=\u00bb0&#8243; header_2_font_size_tablet=\u00bb32px\u00bb header_2_font_size_phone=\u00bb20px\u00bb header_2_font_size_last_edited=\u00bboff|desktop\u00bb global_colors_info=\u00bb{}\u00bb sticky_enabled=\u00bb0&#8243;]<\/p>\n<h1>Noticias<\/h1>\n<p>[\/et_pb_text][et_pb_text content_tablet=\u00bb<\/p>\n<h2>B\u0105d\u017a na\u00a0bie\u017c\u0105co z\u00a0najnowszymi wydarzeniami i\u00a0informacjami<\/h2>\n<p>\u00bb content_phone=\u00bb<\/p>\n<h2>B\u0105d\u017a na\u00a0bie\u017c\u0105co z\u00a0najnowszymi wydarzeniami i\u00a0informacjami<\/h2>\n<p>\u00bb content_last_edited=\u00bboff|desktop\u00bb _builder_version=\u00bb4.27.2&#8243; _module_preset=\u00bb_initial\u00bb header_text_color=\u00bb#ffffff\u00bb header_2_font=\u00bbNS-Montserrat-Bold||||||||\u00bb header_2_text_color=\u00bb#ffffff\u00bb header_2_font_size=\u00bb31px\u00bb custom_margin=\u00bb||10px||false|false\u00bb custom_margin_tablet=\u00bb||5px||false|false\u00bb custom_margin_phone=\u00bb||5px||false|false\u00bb custom_margin_last_edited=\u00bbon|tablet\u00bb custom_padding=\u00bb||||false|false\u00bb hover_enabled=\u00bb0&#8243; header_2_font_size_tablet=\u00bb31px\u00bb header_2_font_size_phone=\u00bb0px\u00bb header_2_font_size_last_edited=\u00bbon|phone\u00bb header_2_line_height_tablet=\u00bb36px\u00bb header_2_line_height_phone=\u00bb36px\u00bb header_2_line_height_last_edited=\u00bbon|tablet\u00bb global_colors_info=\u00bb{}\u00bb sticky_enabled=\u00bb0&#8243;]<\/p>\n<h2>Mant\u00e9ngase actualizado con los \u00faltimos eventos e informaci\u00f3n<\/h2>\n<p>[\/et_pb_text][et_pb_text content_last_edited=\u00bboff|phone\u00bb _builder_version=\u00bb4.27.2&#8243; _module_preset=\u00bb_initial\u00bb text_text_color=\u00bb#ffffff\u00bb hover_enabled=\u00bb0&#8243; text_font_size_tablet=\u00bb15px\u00bb text_font_size_phone=\u00bb14px\u00bb text_font_size_last_edited=\u00bboff|desktop\u00bb global_colors_info=\u00bb{}\u00bb sticky_enabled=\u00bb0&#8243;]<\/p>\n<p>Sigue las \u00faltimas novedades y descubre las novedades con nosotros.<\/p>\n<p>[\/et_pb_text][\/et_pb_column][et_pb_column type=\u00bb2_5&#8243; disabled_on=\u00bbon|on|off\u00bb _builder_version=\u00bb4.27.0&#8243; _module_preset=\u00bbdefault\u00bb background_enable_color=\u00bboff\u00bb custom_padding=\u00bb30px|30px|30px|30px|true|true\u00bb border_radii=\u00bbon|5px|5px|5px|5px\u00bb global_colors_info=\u00bb{}\u00bb][\/et_pb_column][\/et_pb_row][et_pb_row disabled_on=\u00bboff|on|on\u00bb _builder_version=\u00bb4.27.0&#8243; _module_preset=\u00bbdefault\u00bb width=\u00bb92%\u00bb max_width=\u00bb2000px\u00bb custom_margin=\u00bb||||false|false\u00bb custom_padding=\u00bb0px||45px||false|false\u00bb animation_direction=\u00bbtop\u00bb scroll_horizontal_motion=\u00bb0|50|50|100|4|2.25|-10&#8243; global_colors_info=\u00bb{}\u00bb][et_pb_column type=\u00bb4_4&#8243; _builder_version=\u00bb4.27.0&#8243; _module_preset=\u00bbdefault\u00bb background_color=\u00bbrgba(87,115,139,0.85)\u00bb custom_padding=\u00bb50px|43px|53px|43px|false|true\u00bb custom_padding_tablet=\u00bb50px|43px|53px|43px|false|true\u00bb custom_padding_phone=\u00bb25px|25px|30px|25px|false|true\u00bb custom_padding_last_edited=\u00bbon|phone\u00bb animation_style=\u00bbslide\u00bb animation_direction=\u00bbleft\u00bb global_colors_info=\u00bb{}\u00bb][et_pb_text _builder_version=\u00bb4.27.2&#8243; _module_preset=\u00bb_initial\u00bb header_font=\u00bbNS-Montserrat-ExtraLight||on||||||\u00bb header_text_color=\u00bb#ffffff\u00bb header_font_size=\u00bb29px\u00bb header_line_height=\u00bb30px\u00bb header_2_font=\u00bb||||||||\u00bb custom_margin=\u00bb||0px||false|false\u00bb custom_padding=\u00bb||||false|false\u00bb hover_enabled=\u00bb0&#8243; header_2_font_size_tablet=\u00bb32px\u00bb header_2_font_size_phone=\u00bb20px\u00bb header_2_font_size_last_edited=\u00bboff|desktop\u00bb global_colors_info=\u00bb{}\u00bb sticky_enabled=\u00bb0&#8243;]<\/p>\n<h1>Noticias<\/h1>\n<p>[\/et_pb_text][et_pb_text content_tablet=\u00bb<\/p>\n<h2>Komfort, kt\u00f3ry<br \/>pokochaj\u0105 Twoi Klienci<\/h2>\n<p>\u00bb content_phone=\u00bb<\/p>\n<h2>Komfort, kt\u00f3ry<br \/>pokochaj\u0105 Twoi Klienci<\/h2>\n<p>\u00bb content_last_edited=\u00bboff|desktop\u00bb _builder_version=\u00bb4.27.2&#8243; _module_preset=\u00bb_initial\u00bb header_text_color=\u00bb#ffffff\u00bb header_2_font=\u00bbNS-Montserrat-Medium||||||||\u00bb header_2_text_color=\u00bb#ffffff\u00bb header_2_font_size=\u00bb27px\u00bb header_2_line_height=\u00bb32px\u00bb custom_margin=\u00bb||5px||false|false\u00bb custom_padding=\u00bb||||false|false\u00bb hover_enabled=\u00bb0&#8243; header_2_font_size_tablet=\u00bb32px\u00bb header_2_font_size_phone=\u00bb20px\u00bb header_2_font_size_last_edited=\u00bboff|desktop\u00bb global_colors_info=\u00bb{}\u00bb sticky_enabled=\u00bb0&#8243;]<\/p>\n<h2>Mant\u00e9ngase actualizado con los \u00faltimos eventos e informaci\u00f3n<\/h2>\n<p>[\/et_pb_text][et_pb_text content_last_edited=\u00bboff|phone\u00bb _builder_version=\u00bb4.27.2&#8243; _module_preset=\u00bb_initial\u00bb text_text_color=\u00bb#ffffff\u00bb hover_enabled=\u00bb0&#8243; text_font_size_tablet=\u00bb15px\u00bb text_font_size_phone=\u00bb14px\u00bb text_font_size_last_edited=\u00bboff|desktop\u00bb global_colors_info=\u00bb{}\u00bb sticky_enabled=\u00bb0&#8243;]<\/p>\n<p>Sigue las \u00faltimas novedades y descubre las novedades con nosotros.<\/p>\n<p>[\/et_pb_text][\/et_pb_column][\/et_pb_row][\/et_pb_section][et_pb_section fb_built=\u00bb1&#8243; admin_label=\u00bbBlog\u00bb _builder_version=\u00bb4.26.0&#8243; _module_preset=\u00bbdefault\u00bb custom_margin=\u00bb||||false|false\u00bb custom_padding=\u00bb0px||0px||false|false\u00bb animation_style=\u00bbslide\u00bb animation_direction=\u00bbbottom\u00bb border_color_all=\u00bb#000000&#8243; locked=\u00bboff\u00bb collapsed=\u00bbon\u00bb global_colors_info=\u00bb{}\u00bb][et_pb_row _builder_version=\u00bb4.26.0&#8243; _module_preset=\u00bbdefault\u00bb custom_margin=\u00bb||||false|false\u00bb custom_padding=\u00bb60px||10px||false|false\u00bb global_colors_info=\u00bb{}\u00bb][et_pb_column type=\u00bb4_4&#8243; _builder_version=\u00bb4.20.0&#8243; _module_preset=\u00bbdefault\u00bb global_colors_info=\u00bb{}\u00bb][et_pb_text _builder_version=\u00bb4.27.2&#8243; _module_preset=\u00bb_initial\u00bb header_2_font=\u00bbNS-Montserrat-Medium||||||||\u00bb header_2_font_size=\u00bb37px\u00bb header_2_line_height=\u00bb41px\u00bb custom_margin=\u00bb||25px||false|false\u00bb custom_margin_tablet=\u00bb||15px||false|false\u00bb custom_margin_phone=\u00bb||15px||false|false\u00bb custom_margin_last_edited=\u00bbon|tablet\u00bb custom_padding=\u00bb||||false|false\u00bb hover_enabled=\u00bb0&#8243; header_2_font_size_tablet=\u00bb32px\u00bb header_2_font_size_phone=\u00bb28px\u00bb header_2_font_size_last_edited=\u00bbon|phone\u00bb header_2_line_height_tablet=\u00bb36px\u00bb header_2_line_height_phone=\u00bb32px\u00bb header_2_line_height_last_edited=\u00bbon|desktop\u00bb header_3_font_last_edited=\u00bboff|phone\u00bb locked=\u00bboff\u00bb global_colors_info=\u00bb{}\u00bb sticky_enabled=\u00bb0&#8243;]<\/p>\n<h2 style=\"text-align: center;\">Buscar en el blog<\/h2>\n<p>[\/et_pb_text][et_pb_search exclude_pages=\u00bbon\u00bb include_categories=\u00bb7&#8243; button_color=\u00bb#9EB5CB\u00bb _builder_version=\u00bb4.27.0&#8243; _module_preset=\u00bbdefault\u00bb button_text_color=\u00bb#ffffff\u00bb width=\u00bb50%\u00bb width_tablet=\u00bb100%\u00bb width_phone=\u00bb100%\u00bb width_last_edited=\u00bbon|phone\u00bb module_alignment=\u00bbcenter\u00bb custom_css_free_form=\u00bbselector form.et_pb_searchform  input.et_pb_searchsubmit { border-radius:0px !important; }\u00bb border_radii=\u00bbon|0px|0px|0px|0px\u00bb border_width_all=\u00bb1px\u00bb border_color_all=\u00bb#9EB5CB\u00bb global_colors_info=\u00bb{}\u00bb border_color_all__hover_enabled=\u00bbon|hover\u00bb border_color_all__hover=\u00bb#57738B\u00bb button_color__hover_enabled=\u00bbon|hover\u00bb button_color__hover=\u00bb#57738B\u00bb][\/et_pb_search][\/et_pb_column][\/et_pb_row][\/et_pb_section][et_pb_section fb_built=\u00bb1&#8243; admin_label=\u00bbBlog\u00bb _builder_version=\u00bb4.25.2&#8243; _module_preset=\u00bbdefault\u00bb custom_margin=\u00bb||||false|false\u00bb custom_padding=\u00bb0px||0px||false|false\u00bb border_color_all=\u00bb#000000&#8243; locked=\u00bboff\u00bb collapsed=\u00bbon\u00bb global_colors_info=\u00bb{}\u00bb][et_pb_row custom_padding_last_edited=\u00bbon|phone\u00bb _builder_version=\u00bb4.27.0&#8243; _module_preset=\u00bbdefault\u00bb custom_margin=\u00bb||||false|false\u00bb custom_padding=\u00bb55px||50px||false|false\u00bb custom_padding_tablet=\u00bb40px||||false|false\u00bb custom_padding_phone=\u00bb35px||||false|false\u00bb animation_style=\u00bbslide\u00bb animation_direction=\u00bbbottom\u00bb global_colors_info=\u00bb{}\u00bb][et_pb_column type=\u00bb4_4&#8243; _builder_version=\u00bb4.20.0&#8243; _module_preset=\u00bbdefault\u00bb global_colors_info=\u00bb{}\u00bb][et_pb_text _builder_version=\u00bb4.27.2&#8243; _module_preset=\u00bb_initial\u00bb header_2_font=\u00bbNS-Montserrat-Medium||||||||\u00bb header_2_font_size=\u00bb37px\u00bb header_2_line_height=\u00bb41px\u00bb custom_margin=\u00bb||25px||false|false\u00bb custom_margin_tablet=\u00bb||15px||false|false\u00bb custom_margin_phone=\u00bb||||false|false\u00bb custom_margin_last_edited=\u00bbon|phone\u00bb custom_padding=\u00bb||||false|false\u00bb hover_enabled=\u00bb0&#8243; header_2_font_size_tablet=\u00bb32px\u00bb header_2_font_size_phone=\u00bb28px\u00bb header_2_font_size_last_edited=\u00bbon|phone\u00bb header_2_line_height_tablet=\u00bb36px\u00bb header_2_line_height_phone=\u00bb32px\u00bb header_2_line_height_last_edited=\u00bbon|desktop\u00bb header_3_font_last_edited=\u00bboff|phone\u00bb locked=\u00bboff\u00bb global_colors_info=\u00bb{}\u00bb sticky_enabled=\u00bb0&#8243;]<\/p>\n<h2 style=\"text-align: center;\">Todas las publicaciones<\/h2>\n<p>[\/et_pb_text][et_pb_blog fullwidth=\u00bboff\u00bb posts_number=\u00bb99999&#8243; include_categories=\u00bb6&#8243; excerpt_length=\u00bb135&#8243; show_author=\u00bboff\u00bb show_categories=\u00bboff\u00bb show_pagination=\u00bboff\u00bb masonry_tile_background_color=\u00bb#f0f0f0&#8243; module_class=\u00bbet_blog_grid_equal_height\u00bb _builder_version=\u00bb4.27.0&#8243; _module_preset=\u00bb_initial\u00bb header_font=\u00bbNS-Montserrat-Medium||||||||\u00bb header_text_color=\u00bb#000000&#8243; header_font_size=\u00bb18px\u00bb body_font=\u00bb&#8211;et_global_body_font||||||||\u00bb body_text_color=\u00bb#000000&#8243; body_font_size=\u00bb15px\u00bb body_line_height=\u00bb1.5em\u00bb meta_font=\u00bbNS-Montserrat-Medium||||||||\u00bb meta_text_color=\u00bb#1D2545&#8243; meta_font_size=\u00bb15px\u00bb meta_line_height=\u00bb1.8em\u00bb read_more_font=\u00bbNS-Montserrat-Medium||||||||\u00bb read_more_text_color=\u00bb#57738B\u00bb read_more_font_size=\u00bb15px\u00bb read_more_line_height=\u00bb1.4em\u00bb pagination_font=\u00bb|700||on|||||\u00bb pagination_text_color=\u00bb#000000&#8243; pagination_line_height=\u00bb1.4em\u00bb text_orientation=\u00bbcenter\u00bb custom_margin=\u00bb||0px||false|false\u00bb custom_padding=\u00bb||||false|false\u00bb header_font_size_tablet=\u00bb20px\u00bb header_font_size_phone=\u00bb16px\u00bb header_font_size_last_edited=\u00bbon|desktop\u00bb body_font_size_tablet=\u00bb15px\u00bb body_font_size_phone=\u00bb14px\u00bb body_font_size_last_edited=\u00bboff|desktop\u00bb custom_css_read_more=\u00bbline-height: 3em !important;\u00bb border_width_all=\u00bb0px\u00bb border_color_all=\u00bb#57738B\u00bb border_color_all_last_edited=\u00bboff|desktop\u00bb border_color_all_image=\u00bbRGBA(255,255,255,0)\u00bb border_width_bottom_image=\u00bb0px\u00bb locked=\u00bboff\u00bb global_colors_info=\u00bb{}\u00bb quote_font_size_tablet=\u00bb20px\u00bb quote_font_size_phone=\u00bb16px\u00bb quote_font_size_last_edited=\u00bbon|desktop\u00bb header_text_color__hover_enabled=\u00bbon|desktop\u00bb header_text_color__hover=\u00bb#57738B\u00bb read_more_text_color__hover_enabled=\u00bbon|desktop\u00bb read_more_text_color__hover=\u00bb#9EB5CB\u00bb border_width_all__hover_enabled=\u00bboff|desktop\u00bb border_color_all__hover_enabled=\u00bbon|hover\u00bb border_color_all__hover=\u00bb#9EB5CB\u00bb masonry_tile_background_color__hover_enabled=\u00bboff|desktop\u00bb masonry_tile_background_color__hover=\u00bb#DBE2EB\u00bb][\/et_pb_blog][\/et_pb_column][\/et_pb_row][\/et_pb_section]<\/p>\n","protected":false},"excerpt":{"rendered":"<p>NoticiasMant\u00e9ngase actualizado con los \u00faltimos eventos e informaci\u00f3nSigue las \u00faltimas novedades y descubre las novedades con nosotros.NoticiasMant\u00e9ngase actualizado con los \u00faltimos eventos e informaci\u00f3nSigue las \u00faltimas novedades y descubre las novedades con nosotros.Buscar en el blogTodas las publicaciones<\/p>\n","protected":false},"author":1,"featured_media":0,"parent":0,"menu_order":0,"comment_status":"closed","ping_status":"closed","template":"","meta":{"_et_pb_use_builder":"on","_et_pb_old_content":"","_et_gb_content_width":"","footnotes":""},"class_list":["post-6191","page","type-page","status-publish","hentry"],"yoast_head":"<!-- This site is optimized with the Yoast SEO plugin v27.4 - https:\/\/yoast.com\/product\/yoast-seo-wordpress\/ -->\n<title>BLOG - Nestor Springs<\/title>\n<meta name=\"robots\" content=\"index, follow, max-snippet:-1, max-image-preview:large, max-video-preview:-1\" \/>\n<link rel=\"canonical\" href=\"https:\/\/nestorsprings.com\/es\/blog\/\" \/>\n<meta property=\"og:locale\" content=\"es_ES\" \/>\n<meta property=\"og:type\" content=\"article\" \/>\n<meta property=\"og:title\" content=\"BLOG - Nestor Springs\" \/>\n<meta property=\"og:description\" content=\"NoticiasMant\u00e9ngase actualizado con los \u00faltimos eventos e informaci\u00f3nSigue las \u00faltimas novedades y descubre las novedades con nosotros.NoticiasMant\u00e9ngase actualizado con los \u00faltimos eventos e informaci\u00f3nSigue las \u00faltimas novedades y descubre las novedades con nosotros.Buscar en el blogTodas las publicaciones\" \/>\n<meta property=\"og:url\" content=\"https:\/\/nestorsprings.com\/es\/blog\/\" \/>\n<meta property=\"og:site_name\" content=\"Nestor Springs\" \/>\n<meta property=\"article:publisher\" content=\"https:\/\/www.facebook.com\/nestorsprings\" \/>\n<meta property=\"article:modified_time\" content=\"2024-10-18T09:13:19+00:00\" \/>\n<meta name=\"twitter:card\" content=\"summary_large_image\" \/>\n<meta name=\"twitter:label1\" content=\"Tiempo de lectura\" \/>\n\t<meta name=\"twitter:data1\" content=\"7 minutos\" \/>\n<script type=\"application\/ld+json\" class=\"yoast-schema-graph\">{\"@context\":\"https:\\\/\\\/schema.org\",\"@graph\":[{\"@type\":\"WebPage\",\"@id\":\"https:\\\/\\\/nestorsprings.com\\\/es\\\/blog\\\/\",\"url\":\"https:\\\/\\\/nestorsprings.com\\\/es\\\/blog\\\/\",\"name\":\"BLOG - Nestor Springs\",\"isPartOf\":{\"@id\":\"https:\\\/\\\/nestorsprings.com\\\/#website\"},\"datePublished\":\"2024-07-08T03:56:06+00:00\",\"dateModified\":\"2024-10-18T09:13:19+00:00\",\"breadcrumb\":{\"@id\":\"https:\\\/\\\/nestorsprings.com\\\/es\\\/blog\\\/#breadcrumb\"},\"inLanguage\":\"es\",\"potentialAction\":[{\"@type\":\"ReadAction\",\"target\":[\"https:\\\/\\\/nestorsprings.com\\\/es\\\/blog\\\/\"]}]},{\"@type\":\"BreadcrumbList\",\"@id\":\"https:\\\/\\\/nestorsprings.com\\\/es\\\/blog\\\/#breadcrumb\",\"itemListElement\":[{\"@type\":\"ListItem\",\"position\":1,\"name\":\"Strona g\u0142\u00f3wna\",\"item\":\"https:\\\/\\\/nestorsprings.com\\\/es\\\/inicio\\\/\"},{\"@type\":\"ListItem\",\"position\":2,\"name\":\"BLOG\"}]},{\"@type\":\"WebSite\",\"@id\":\"https:\\\/\\\/nestorsprings.com\\\/#website\",\"url\":\"https:\\\/\\\/nestorsprings.com\\\/\",\"name\":\"Nestor Springs\",\"description\":\"Dopasowani do Ciebie\",\"publisher\":{\"@id\":\"https:\\\/\\\/nestorsprings.com\\\/#organization\"},\"potentialAction\":[{\"@type\":\"SearchAction\",\"target\":{\"@type\":\"EntryPoint\",\"urlTemplate\":\"https:\\\/\\\/nestorsprings.com\\\/?s={search_term_string}\"},\"query-input\":{\"@type\":\"PropertyValueSpecification\",\"valueRequired\":true,\"valueName\":\"search_term_string\"}}],\"inLanguage\":\"es\"},{\"@type\":\"Organization\",\"@id\":\"https:\\\/\\\/nestorsprings.com\\\/#organization\",\"name\":\"Nestor Springs\",\"url\":\"https:\\\/\\\/nestorsprings.com\\\/\",\"logo\":{\"@type\":\"ImageObject\",\"inLanguage\":\"es\",\"@id\":\"https:\\\/\\\/nestorsprings.com\\\/#\\\/schema\\\/logo\\\/image\\\/\",\"url\":\"https:\\\/\\\/nestorsprings.com\\\/wp-content\\\/uploads\\\/2024\\\/12\\\/nestor-springs-adjusted-to-you.png\",\"contentUrl\":\"https:\\\/\\\/nestorsprings.com\\\/wp-content\\\/uploads\\\/2024\\\/12\\\/nestor-springs-adjusted-to-you.png\",\"width\":1080,\"height\":154,\"caption\":\"Nestor Springs\"},\"image\":{\"@id\":\"https:\\\/\\\/nestorsprings.com\\\/#\\\/schema\\\/logo\\\/image\\\/\"},\"sameAs\":[\"https:\\\/\\\/www.facebook.com\\\/nestorsprings\"]}]}<\/script>\n<!-- \/ Yoast SEO plugin. -->","yoast_head_json":{"title":"BLOG - Nestor Springs","robots":{"index":"index","follow":"follow","max-snippet":"max-snippet:-1","max-image-preview":"max-image-preview:large","max-video-preview":"max-video-preview:-1"},"canonical":"https:\/\/nestorsprings.com\/es\/blog\/","og_locale":"es_ES","og_type":"article","og_title":"BLOG - Nestor Springs","og_description":"NoticiasMant\u00e9ngase actualizado con los \u00faltimos eventos e informaci\u00f3nSigue las \u00faltimas novedades y descubre las novedades con nosotros.NoticiasMant\u00e9ngase actualizado con los \u00faltimos eventos e informaci\u00f3nSigue las \u00faltimas novedades y descubre las novedades con nosotros.Buscar en el blogTodas las publicaciones","og_url":"https:\/\/nestorsprings.com\/es\/blog\/","og_site_name":"Nestor Springs","article_publisher":"https:\/\/www.facebook.com\/nestorsprings","article_modified_time":"2024-10-18T09:13:19+00:00","twitter_card":"summary_large_image","twitter_misc":{"Tiempo de lectura":"7 minutos"},"schema":{"@context":"https:\/\/schema.org","@graph":[{"@type":"WebPage","@id":"https:\/\/nestorsprings.com\/es\/blog\/","url":"https:\/\/nestorsprings.com\/es\/blog\/","name":"BLOG - Nestor Springs","isPartOf":{"@id":"https:\/\/nestorsprings.com\/#website"},"datePublished":"2024-07-08T03:56:06+00:00","dateModified":"2024-10-18T09:13:19+00:00","breadcrumb":{"@id":"https:\/\/nestorsprings.com\/es\/blog\/#breadcrumb"},"inLanguage":"es","potentialAction":[{"@type":"ReadAction","target":["https:\/\/nestorsprings.com\/es\/blog\/"]}]},{"@type":"BreadcrumbList","@id":"https:\/\/nestorsprings.com\/es\/blog\/#breadcrumb","itemListElement":[{"@type":"ListItem","position":1,"name":"Strona g\u0142\u00f3wna","item":"https:\/\/nestorsprings.com\/es\/inicio\/"},{"@type":"ListItem","position":2,"name":"BLOG"}]},{"@type":"WebSite","@id":"https:\/\/nestorsprings.com\/#website","url":"https:\/\/nestorsprings.com\/","name":"Nestor Springs","description":"Dopasowani do Ciebie","publisher":{"@id":"https:\/\/nestorsprings.com\/#organization"},"potentialAction":[{"@type":"SearchAction","target":{"@type":"EntryPoint","urlTemplate":"https:\/\/nestorsprings.com\/?s={search_term_string}"},"query-input":{"@type":"PropertyValueSpecification","valueRequired":true,"valueName":"search_term_string"}}],"inLanguage":"es"},{"@type":"Organization","@id":"https:\/\/nestorsprings.com\/#organization","name":"Nestor Springs","url":"https:\/\/nestorsprings.com\/","logo":{"@type":"ImageObject","inLanguage":"es","@id":"https:\/\/nestorsprings.com\/#\/schema\/logo\/image\/","url":"https:\/\/nestorsprings.com\/wp-content\/uploads\/2024\/12\/nestor-springs-adjusted-to-you.png","contentUrl":"https:\/\/nestorsprings.com\/wp-content\/uploads\/2024\/12\/nestor-springs-adjusted-to-you.png","width":1080,"height":154,"caption":"Nestor Springs"},"image":{"@id":"https:\/\/nestorsprings.com\/#\/schema\/logo\/image\/"},"sameAs":["https:\/\/www.facebook.com\/nestorsprings"]}]}},"_links":{"self":[{"href":"https:\/\/nestorsprings.com\/es\/wp-json\/wp\/v2\/pages\/6191","targetHints":{"allow":["GET"]}}],"collection":[{"href":"https:\/\/nestorsprings.com\/es\/wp-json\/wp\/v2\/pages"}],"about":[{"href":"https:\/\/nestorsprings.com\/es\/wp-json\/wp\/v2\/types\/page"}],"author":[{"embeddable":true,"href":"https:\/\/nestorsprings.com\/es\/wp-json\/wp\/v2\/users\/1"}],"replies":[{"embeddable":true,"href":"https:\/\/nestorsprings.com\/es\/wp-json\/wp\/v2\/comments?post=6191"}],"version-history":[{"count":0,"href":"https:\/\/nestorsprings.com\/es\/wp-json\/wp\/v2\/pages\/6191\/revisions"}],"wp:attachment":[{"href":"https:\/\/nestorsprings.com\/es\/wp-json\/wp\/v2\/media?parent=6191"}],"curies":[{"name":"wp","href":"https:\/\/api.w.org\/{rel}","templated":true}]}}